{"id":14,"date":"2026-04-24T07:17:27","date_gmt":"2026-04-24T07:17:27","guid":{"rendered":"https:\/\/wp.oniwey.ro\/?post_type=product&#038;p=14"},"modified":"2026-04-24T07:19:35","modified_gmt":"2026-04-24T07:19:35","slug":"produs-demo","status":"publish","type":"product","link":"https:\/\/wp.oniwey.ro\/index.php\/product\/produs-demo\/","title":{"rendered":"Produs demo"},"content":{"rendered":"<p data-start=\"53\" data-end=\"311\">Acest produs este creat pentru testarea func\u021bionalit\u0103\u021bilor unui magazin online WooCommerce. Poate fi folosit pentru verificarea procesului de comand\u0103, afi\u0219area corect\u0103 a imaginilor, testarea varia\u021biilor de produs sau integrarea metodelor de plat\u0103 \u0219i livrare.<\/p>\n<p data-start=\"313\" data-end=\"596\">Produsul are o structur\u0103 complet\u0103, similar\u0103 unui produs real: imagini de prezentare, descriere detaliat\u0103, specifica\u021bii \u0219i op\u021biuni selectabile (dac\u0103 este cazul). Este potrivit pentru simularea experien\u021bei utilizatorului \u00eenainte de lansarea magazinului sau pentru demonstra\u021bii interne.<\/p>\n<p data-start=\"598\" data-end=\"761\">Caracteristici:<br \/>\n\u2013 Titlu \u0219i descriere configurabile<br data-start=\"648\" data-end=\"651\" \/>\u2013 Galerie de imagini<br data-start=\"671\" data-end=\"674\" \/>\u2013 Posibilitate de varia\u021bii (m\u0103rime, culoare etc.)<br data-start=\"723\" data-end=\"726\" \/>\u2013 Pre\u021b de test<br data-start=\"740\" data-end=\"743\" \/>\u2013 Stoc simulativ<\/p>\n","protected":false},"excerpt":{"rendered":"<p>Acest produs este creat pentru testarea func\u021bionalit\u0103\u021bilor unui magazin online WooCommerce.<\/p>\n","protected":false},"featured_media":15,"comment_status":"open","ping_status":"closed","template":"","meta":[],"product_brand":[],"product_cat":[15],"product_tag":[],"class_list":{"0":"post-14","1":"product","2":"type-product","3":"status-publish","4":"has-post-thumbnail","6":"product_cat-uncategorized","8":"first","9":"instock","10":"sale","11":"shipping-taxable","12":"purchasable","13":"product-type-simple"},"_links":{"self":[{"href":"https:\/\/wp.oniwey.ro\/index.php\/wp-json\/wp\/v2\/product\/14","targetHints":{"allow":["GET"]}}],"collection":[{"href":"https:\/\/wp.oniwey.ro\/index.php\/wp-json\/wp\/v2\/product"}],"about":[{"href":"https:\/\/wp.oniwey.ro\/index.php\/wp-json\/wp\/v2\/types\/product"}],"replies":[{"embeddable":true,"href":"https:\/\/wp.oniwey.ro\/index.php\/wp-json\/wp\/v2\/comments?post=14"}],"wp:featuredmedia":[{"embeddable":true,"href":"https:\/\/wp.oniwey.ro\/index.php\/wp-json\/wp\/v2\/media\/15"}],"wp:attachment":[{"href":"https:\/\/wp.oniwey.ro\/index.php\/wp-json\/wp\/v2\/media?parent=14"}],"wp:term":[{"taxonomy":"product_brand","embeddable":true,"href":"https:\/\/wp.oniwey.ro\/index.php\/wp-json\/wp\/v2\/product_brand?post=14"},{"taxonomy":"product_cat","embeddable":true,"href":"https:\/\/wp.oniwey.ro\/index.php\/wp-json\/wp\/v2\/product_cat?post=14"},{"taxonomy":"product_tag","embeddable":true,"href":"https:\/\/wp.oniwey.ro\/index.php\/wp-json\/wp\/v2\/product_tag?post=14"}],"curies":[{"name":"wp","href":"https:\/\/api.w.org\/{rel}","templated":true}]}}